{"id":183,"date":"2020-05-05T20:02:54","date_gmt":"2020-05-05T18:02:54","guid":{"rendered":"https:\/\/www.ecafir.com\/web\/?page_id=183"},"modified":"2020-06-03T11:17:31","modified_gmt":"2020-06-03T09:17:31","slug":"politica-de-cookies","status":"publish","type":"page","link":"https:\/\/www.ecafir.com\/web\/politica-de-cookies\/","title":{"rendered":"Pol\u00edtica de cookies"},"content":{"rendered":"\n<p>Una Cookie es un fitxer que es descarrega al teu ordinador quan accedeixes a determinades p\u00e0gines web. Les cookies permeten a una p\u00e0gina web, entre d\u2019altres coses, emmagatzemar i recuperar informaci\u00f3 del teus h\u00e0bits de navegaci\u00f3 o del teu equip, i depenen de la informaci\u00f3 que continguin i de la manera que utilitzis el teu dispositiu, es poden utilitzar per que la p\u00e0gina et reconegui com a usuari.<\/p>\n\n\n\n<p>Les Cookies s\u00f3n essencials per al funcionament d\u2019Internet, i aporten innumerables avantatges en la prestaci\u00f3 de serveis interactius, facilitant la navegaci\u00f3 i l\u2019\u00fas de la web.<\/p>\n\n\n\n<p>La informaci\u00f3 que li proporcionem a continuaci\u00f3, l\u2019ajudar\u00e0 a entendre els diferents tipus de cookies.<\/p>\n\n\n\n<h3 class=\"wp-block-heading\"><strong>TIPUS DE COOKIE<\/strong>S<\/h3>\n\n\n\n<p>SEGONS L&#8217;ENTITAT QUE LES GESTIONA<\/p>\n\n\n\n<p>Cookies pr\u00f2pies: S\u00f3n les que recull el propi editor per prestar el servei sol\u00b7licitat per l\u2019usuari.<\/p>\n\n\n\n<p>Cookies de tercers: S\u00f3n les que es recullen i gestionen per un tercer, aquestes no es poden considerar pr\u00f2pies.<\/p>\n\n\n\n<p>SEGONS EL PLA\u00c7 DE TEMPS QUE RESTEN ACTIVADES<\/p>\n\n\n\n<p>Cookies de sessi\u00f3: Recullen dades mentre navega l\u2019usuari per la xarxa amb la finalitat de prestar el servei.<\/p>\n\n\n\n<p>Cookies persistents; S\u2019emmagatzemen en el dispositiu i l\u2019 informaci\u00f3 obtinguda, s\u2019utilitzar\u00e0 per part del responsable de la cookie amb la finalitat de prestar el servei sol\u00b7licitat.<\/p>\n\n\n\n<p>SEGONS LA SEVA FINALITAT<\/p>\n\n\n\n<p>t\u00e8cniques: S\u00f3n les necess\u00e0ries per la correcta navegaci\u00f3 per la web.<\/p>\n\n\n\n<p>de personalitzaci\u00f3: Permeten a l\u2019usuari les caracter\u00edstiques (idioma) de navegaci\u00f3 per la p\u00e0gina web.<\/p>\n\n\n\n<p>d\u2019an\u00e0lisi: Permeten al prestador l\u2019an\u00e0lisi vinculat a la navegaci\u00f3 realitzada per l\u2019usuari, amb la finalitat de fer un seguiment de l\u2019\u00fas de la p\u00e0gina, aix\u00ed com realitzar estad\u00edstiques dels continguts m\u00e9s visitats, nombre de visitants, etc.<\/p>\n\n\n\n<p>publicit\u00e0ries: Permeten al editor incloure espais publicitaris a la web, segons el propi contingut de la mateixa.<\/p>\n\n\n\n<p>de publicitat, del comportament: permeten al editor incloure a la p\u00e0gina web espais de publicitat, segons la informaci\u00f3 obtinguda mitjan\u00e7ant els h\u00e0bits de navegaci\u00f3 de l\u2019usuari.<\/p>\n\n\n\n<h3 class=\"wp-block-heading\"><strong>\u00daS DE COOKIES<\/strong><\/h3>\n\n\n\n<p>Segons el que disposa l\u2019article 22.2 de la Llei <a href=\"https:\/\/www.boe.es\/eli\/es\/l\/2002\/07\/11\/34\/con\" target=\"_blank\" rel=\"noreferrer noopener\">34\/2002<\/a>, del 11 de juliol, de Servicios de la Sociedad de la Informaci\u00f3n y de Comercio Electr\u00f3nico (LSSI-CE), ECAFIR,S.L. informem de les cookies utilitzades &nbsp;a la nostra p\u00e0gina web:<\/p>\n\n\n\n<p>Tanmateix, ECAFIR, S.L. informa a l\u2019usuari de que t\u00e9 la possibilitat de configurar el seu navegador de manera que l\u2019informin de la recepci\u00f3 de cookies, i si vol, impedir-ne la seva instal\u00b7laci\u00f3 en el disc dur del seu dispositiu. A continuaci\u00f3 li proporcionem els enlla\u00e7os de diversos navegadors, mitjan\u00e7ant els quals podr\u00e0 implementar aquesta configuraci\u00f3.<\/p>\n\n\n\n<ul class=\"wp-block-list\"><li>Firefox: <a href=\"http:\/\/support.mozilla.org\/es\/kb\/habilitar-y-deshabilitar-cookies-que-los-sitios-we\">http:\/\/support.mozilla.org\/es\/kb\/habilitar-y-deshabilitar-cookies-que-los-sitios-we<\/a><\/li><li>Chrome: <a href=\"http:\/\/support.google.com\/chrome\/bin\/answer.py?hl=es&amp;answer=95647\">http:\/\/support.google.com\/chrome\/bin\/answer.py?hl=es&amp;answer=95647<\/a><\/li><li>Explorer: <a href=\"http:\/\/windows.microsoft.com\/es-es\/internet-explorer\/delete-manage-cookies#ie=ie-10\">http:\/\/windows.microsoft.com\/es-es\/internet-explorer\/delete-manage-cookies#ie=ie-10<\/a><\/li><li>Safari: <a href=\"https:\/\/support.apple.com\/kb\/ph17191?locale=es_ES\">https:\/\/support.apple.com\/kb\/ph17191?locale=es_ES<\/a><\/li><li>Opera: <a href=\"http:\/\/help.opera.com\/Windows\/11.50\/es-ES\/cookies.html\">http:\/\/help.opera.com\/Windows\/11.50\/es-ES\/cookies.html<\/a><\/li><\/ul>\n\n\n\n<h3 class=\"wp-block-heading\"><strong>COOKIES QUE UTILIZEN AQUESTA P\u00c0GINA WEB<\/strong><\/h3>\n\n\n\n<p><em>PHPSESSID<\/em> de tipus sessi\u00f3: Aquesta cookie s\u2019utilitza per el llenguatge d\u2019encriptat del PHP per permetre que les variables de sessi\u00f3 es guardin en el servidor web. Aquesta cookie \u00e9s imprescindible per al funcionament de la p\u00e0gina.<\/p>\n\n\n\n<p><em>lenguage<\/em> de tipus sessi\u00f3: Aquesta cookie li permet al wordpress saber quin idioma has seleccionat, mentre estiguis a la p\u00e0gina. Aquesta variable de sessi\u00f3 s\u2019emmagatzema al servidor.<em>\u00a0<\/em><\/p>\n\n\n\n<p><em>wordpress_test_cookie<\/em> de tipus sessi\u00f3: Comprova si les cookies estan habilitades per proporcionar una bona experi\u00e8ncia d\u2019usuari. Aquesta variable de sessi\u00f3 s\u2019emmagatzema al servidor. Aquesta cookie \u00e9s imprescindible per al funcionament de la p\u00e0gina web.<\/p>\n\n\n\n<p><em>tk_tc <\/em>de tipus sessi\u00f3: s\u2019utilitzen per analitzar el comportament de refer\u00e8ncia perqu\u00e8 la p\u00e0gina est\u00e0 connectada al component Jetpack.<\/p>\n\n\n\n<p><em>wordpress_logged_in*<\/em> de tipus sessi\u00f3: Comprova si el visitant actual \u00e9s un usuari registrat de WordPress.com. Aquesta variable s\u2019emmagatzema al servidor.<\/p>\n\n\n\n<p><em>wp-settings-{user_id}<\/em> de tipus sessi\u00f3: Mant\u00e9 la configuraci\u00f3 wp-admin d\u2019un usuari validat a la p\u00e0gina. Aquesta variable de sessi\u00f3 s\u2019emmagatzema al servidor. Per m\u00e9s informaci\u00f3 pots consultar el nostre <a href=\"https:\/\/www.ecafir.com\/web\/avis-legal\/\">Av\u00eds legal<\/a><\/p>\n","protected":false},"excerpt":{"rendered":"<p>Una Cookie es un fitxer que es descarrega al teu ordinador quan accedeixes a determinades p\u00e0gines web. Les cookies permeten&#8230;<\/p>\n","protected":false},"author":1,"featured_media":0,"parent":0,"menu_order":0,"comment_status":"closed","ping_status":"closed","template":"","meta":{"footnotes":""},"class_list":["post-183","page","type-page","status-publish","hentry","post-archive"],"yoast_head":"<!-- This site is optimized with the Yoast SEO plugin v27.4 - https:\/\/yoast.com\/product\/yoast-seo-wordpress\/ -->\n<title>Pol\u00edtica de cookies - Enginyeria ambiental<\/title>\n<meta name=\"robots\" content=\"index, follow, max-snippet:-1, max-image-preview:large, max-video-preview:-1\" \/>\n<link rel=\"canonical\" href=\"https:\/\/www.ecafir.com\/web\/politica-de-cookies\/\" \/>\n<meta property=\"og:locale\" content=\"es_ES\" \/>\n<meta property=\"og:type\" content=\"article\" \/>\n<meta property=\"og:title\" content=\"Pol\u00edtica de cookies - Enginyeria ambiental\" \/>\n<meta property=\"og:description\" content=\"Una Cookie es un fitxer que es descarrega al teu ordinador quan accedeixes a determinades p\u00e0gines web. Les cookies permeten...\" \/>\n<meta property=\"og:url\" content=\"https:\/\/www.ecafir.com\/web\/politica-de-cookies\/\" \/>\n<meta property=\"og:site_name\" content=\"Enginyeria ambiental\" \/>\n<meta property=\"article:modified_time\" content=\"2020-06-03T09:17:31+00:00\" \/>\n<meta name=\"twitter:card\" content=\"summary_large_image\" \/>\n<meta name=\"twitter:label1\" content=\"Tiempo de lectura\" \/>\n\t<meta name=\"twitter:data1\" content=\"4 minutos\" \/>\n<script type=\"application\/ld+json\" class=\"yoast-schema-graph\">{\"@context\":\"https:\\\/\\\/schema.org\",\"@graph\":[{\"@type\":\"WebPage\",\"@id\":\"https:\\\/\\\/www.ecafir.com\\\/web\\\/politica-de-cookies\\\/\",\"url\":\"https:\\\/\\\/www.ecafir.com\\\/web\\\/politica-de-cookies\\\/\",\"name\":\"Pol\u00edtica de cookies - Enginyeria ambiental\",\"isPartOf\":{\"@id\":\"https:\\\/\\\/www.ecafir.com\\\/web\\\/#website\"},\"datePublished\":\"2020-05-05T18:02:54+00:00\",\"dateModified\":\"2020-06-03T09:17:31+00:00\",\"breadcrumb\":{\"@id\":\"https:\\\/\\\/www.ecafir.com\\\/web\\\/politica-de-cookies\\\/#breadcrumb\"},\"inLanguage\":\"es\",\"potentialAction\":[{\"@type\":\"ReadAction\",\"target\":[\"https:\\\/\\\/www.ecafir.com\\\/web\\\/politica-de-cookies\\\/\"]}]},{\"@type\":\"BreadcrumbList\",\"@id\":\"https:\\\/\\\/www.ecafir.com\\\/web\\\/politica-de-cookies\\\/#breadcrumb\",\"itemListElement\":[{\"@type\":\"ListItem\",\"position\":1,\"name\":\"Portada\",\"item\":\"https:\\\/\\\/www.ecafir.com\\\/web\\\/\"},{\"@type\":\"ListItem\",\"position\":2,\"name\":\"Pol\u00edtica de cookies\"}]},{\"@type\":\"WebSite\",\"@id\":\"https:\\\/\\\/www.ecafir.com\\\/web\\\/#website\",\"url\":\"https:\\\/\\\/www.ecafir.com\\\/web\\\/\",\"name\":\"Enginyeria ambiental\",\"description\":\"\",\"publisher\":{\"@id\":\"https:\\\/\\\/www.ecafir.com\\\/web\\\/#organization\"},\"potentialAction\":[{\"@type\":\"SearchAction\",\"target\":{\"@type\":\"EntryPoint\",\"urlTemplate\":\"https:\\\/\\\/www.ecafir.com\\\/web\\\/?s={search_term_string}\"},\"query-input\":{\"@type\":\"PropertyValueSpecification\",\"valueRequired\":true,\"valueName\":\"search_term_string\"}}],\"inLanguage\":\"es\"},{\"@type\":\"Organization\",\"@id\":\"https:\\\/\\\/www.ecafir.com\\\/web\\\/#organization\",\"name\":\"Enginyeria ambiental\",\"url\":\"https:\\\/\\\/www.ecafir.com\\\/web\\\/\",\"logo\":{\"@type\":\"ImageObject\",\"inLanguage\":\"es\",\"@id\":\"https:\\\/\\\/www.ecafir.com\\\/web\\\/#\\\/schema\\\/logo\\\/image\\\/\",\"url\":\"https:\\\/\\\/www.ecafir.com\\\/web\\\/wp-content\\\/uploads\\\/2020\\\/05\\\/logo.png\",\"contentUrl\":\"https:\\\/\\\/www.ecafir.com\\\/web\\\/wp-content\\\/uploads\\\/2020\\\/05\\\/logo.png\",\"width\":540,\"height\":200,\"caption\":\"Enginyeria ambiental\"},\"image\":{\"@id\":\"https:\\\/\\\/www.ecafir.com\\\/web\\\/#\\\/schema\\\/logo\\\/image\\\/\"}}]}<\/script>\n<!-- \/ Yoast SEO plugin. -->","yoast_head_json":{"title":"Pol\u00edtica de cookies - Enginyeria ambiental","robots":{"index":"index","follow":"follow","max-snippet":"max-snippet:-1","max-image-preview":"max-image-preview:large","max-video-preview":"max-video-preview:-1"},"canonical":"https:\/\/www.ecafir.com\/web\/politica-de-cookies\/","og_locale":"es_ES","og_type":"article","og_title":"Pol\u00edtica de cookies - Enginyeria ambiental","og_description":"Una Cookie es un fitxer que es descarrega al teu ordinador quan accedeixes a determinades p\u00e0gines web. Les cookies permeten...","og_url":"https:\/\/www.ecafir.com\/web\/politica-de-cookies\/","og_site_name":"Enginyeria ambiental","article_modified_time":"2020-06-03T09:17:31+00:00","twitter_card":"summary_large_image","twitter_misc":{"Tiempo de lectura":"4 minutos"},"schema":{"@context":"https:\/\/schema.org","@graph":[{"@type":"WebPage","@id":"https:\/\/www.ecafir.com\/web\/politica-de-cookies\/","url":"https:\/\/www.ecafir.com\/web\/politica-de-cookies\/","name":"Pol\u00edtica de cookies - Enginyeria ambiental","isPartOf":{"@id":"https:\/\/www.ecafir.com\/web\/#website"},"datePublished":"2020-05-05T18:02:54+00:00","dateModified":"2020-06-03T09:17:31+00:00","breadcrumb":{"@id":"https:\/\/www.ecafir.com\/web\/politica-de-cookies\/#breadcrumb"},"inLanguage":"es","potentialAction":[{"@type":"ReadAction","target":["https:\/\/www.ecafir.com\/web\/politica-de-cookies\/"]}]},{"@type":"BreadcrumbList","@id":"https:\/\/www.ecafir.com\/web\/politica-de-cookies\/#breadcrumb","itemListElement":[{"@type":"ListItem","position":1,"name":"Portada","item":"https:\/\/www.ecafir.com\/web\/"},{"@type":"ListItem","position":2,"name":"Pol\u00edtica de cookies"}]},{"@type":"WebSite","@id":"https:\/\/www.ecafir.com\/web\/#website","url":"https:\/\/www.ecafir.com\/web\/","name":"Enginyeria ambiental","description":"","publisher":{"@id":"https:\/\/www.ecafir.com\/web\/#organization"},"potentialAction":[{"@type":"SearchAction","target":{"@type":"EntryPoint","urlTemplate":"https:\/\/www.ecafir.com\/web\/?s={search_term_string}"},"query-input":{"@type":"PropertyValueSpecification","valueRequired":true,"valueName":"search_term_string"}}],"inLanguage":"es"},{"@type":"Organization","@id":"https:\/\/www.ecafir.com\/web\/#organization","name":"Enginyeria ambiental","url":"https:\/\/www.ecafir.com\/web\/","logo":{"@type":"ImageObject","inLanguage":"es","@id":"https:\/\/www.ecafir.com\/web\/#\/schema\/logo\/image\/","url":"https:\/\/www.ecafir.com\/web\/wp-content\/uploads\/2020\/05\/logo.png","contentUrl":"https:\/\/www.ecafir.com\/web\/wp-content\/uploads\/2020\/05\/logo.png","width":540,"height":200,"caption":"Enginyeria ambiental"},"image":{"@id":"https:\/\/www.ecafir.com\/web\/#\/schema\/logo\/image\/"}}]}},"jetpack_sharing_enabled":true,"_links":{"self":[{"href":"https:\/\/www.ecafir.com\/web\/wp-json\/wp\/v2\/pages\/183","targetHints":{"allow":["GET"]}}],"collection":[{"href":"https:\/\/www.ecafir.com\/web\/wp-json\/wp\/v2\/pages"}],"about":[{"href":"https:\/\/www.ecafir.com\/web\/wp-json\/wp\/v2\/types\/page"}],"author":[{"embeddable":true,"href":"https:\/\/www.ecafir.com\/web\/wp-json\/wp\/v2\/users\/1"}],"replies":[{"embeddable":true,"href":"https:\/\/www.ecafir.com\/web\/wp-json\/wp\/v2\/comments?post=183"}],"version-history":[{"count":8,"href":"https:\/\/www.ecafir.com\/web\/wp-json\/wp\/v2\/pages\/183\/revisions"}],"predecessor-version":[{"id":393,"href":"https:\/\/www.ecafir.com\/web\/wp-json\/wp\/v2\/pages\/183\/revisions\/393"}],"wp:attachment":[{"href":"https:\/\/www.ecafir.com\/web\/wp-json\/wp\/v2\/media?parent=183"}],"curies":[{"name":"wp","href":"https:\/\/api.w.org\/{rel}","templated":true}]}}