{"id":180,"date":"2020-05-05T20:01:51","date_gmt":"2020-05-05T18:01:51","guid":{"rendered":"https:\/\/www.ecafir.com\/web\/?page_id=180"},"modified":"2020-05-13T21:05:29","modified_gmt":"2020-05-13T19:05:29","slug":"informacio-general","status":"publish","type":"page","link":"https:\/\/www.ecafir.com\/web\/informacio-general\/","title":{"rendered":"Informaci\u00f3 General"},"content":{"rendered":"\n<p>A efectes d&#8217;all\u00f2 establert a l&#8217;article 9 de la Ley 34\/2002, de 11 de julio, de Servicios de la Sociedad de la Informaci\u00f3n y Comercio Electr\u00f3nico (LSSI), a continuaci\u00f3 s&#8217;indiquen les dades d&#8217;informaci\u00f3 general del web:<\/p>\n\n\n\n<p>www.ecafir.com pertany a la societat: ECAFIR, S.L.<\/p>\n\n\n\n<p>Titular: ECAFIR, S.L.<\/p>\n\n\n\n<p>Domicili social i adre\u00e7a a efectes de facturaci\u00f3 i correspond\u00e8ncia:<\/p>\n\n\n\n<p>C\/ Bigai 11, 2n-4a<br>08022 Barcelona<br>Tel\u00e8fon: +34 93 418 60 31<br>Adre\u00e7a electr\u00f2nica: ecafir@ecafir.com<\/p>\n\n\n\n<p>CIF: B-58309204<\/p>\n\n\n\n<p>Inscrita al Registre Mercantil de Barcelona, Volum 24560, Foli 0090, Full 76696, Inscripci\u00f3 6.<\/p>\n","protected":false},"excerpt":{"rendered":"<p>A efectes d&#8217;all\u00f2 establert a l&#8217;article 9 de la Ley 34\/2002, de 11 de julio, de Servicios de la Sociedad&#8230;<\/p>\n","protected":false},"author":1,"featured_media":0,"parent":0,"menu_order":0,"comment_status":"closed","ping_status":"closed","template":"","meta":{"footnotes":""},"class_list":["post-180","page","type-page","status-publish","hentry","post-archive"],"yoast_head":"<!-- This site is optimized with the Yoast SEO plugin v27.4 - https:\/\/yoast.com\/product\/yoast-seo-wordpress\/ -->\n<title>Informaci\u00f3 General - Enginyeria ambiental<\/title>\n<meta name=\"robots\" content=\"index, follow, max-snippet:-1, max-image-preview:large, max-video-preview:-1\" \/>\n<link rel=\"canonical\" href=\"https:\/\/www.ecafir.com\/web\/informacio-general\/\" \/>\n<meta property=\"og:locale\" content=\"es_ES\" \/>\n<meta property=\"og:type\" content=\"article\" \/>\n<meta property=\"og:title\" content=\"Informaci\u00f3 General - Enginyeria ambiental\" \/>\n<meta property=\"og:description\" content=\"A efectes d&#8217;all\u00f2 establert a l&#8217;article 9 de la Ley 34\/2002, de 11 de julio, de Servicios de la Sociedad...\" \/>\n<meta property=\"og:url\" content=\"https:\/\/www.ecafir.com\/web\/informacio-general\/\" \/>\n<meta property=\"og:site_name\" content=\"Enginyeria ambiental\" \/>\n<meta property=\"article:modified_time\" content=\"2020-05-13T19:05:29+00:00\" \/>\n<meta name=\"twitter:card\" content=\"summary_large_image\" \/>\n<script type=\"application\/ld+json\" class=\"yoast-schema-graph\">{\"@context\":\"https:\\\/\\\/schema.org\",\"@graph\":[{\"@type\":\"WebPage\",\"@id\":\"https:\\\/\\\/www.ecafir.com\\\/web\\\/informacio-general\\\/\",\"url\":\"https:\\\/\\\/www.ecafir.com\\\/web\\\/informacio-general\\\/\",\"name\":\"Informaci\u00f3 General - Enginyeria ambiental\",\"isPartOf\":{\"@id\":\"https:\\\/\\\/www.ecafir.com\\\/web\\\/#website\"},\"datePublished\":\"2020-05-05T18:01:51+00:00\",\"dateModified\":\"2020-05-13T19:05:29+00:00\",\"breadcrumb\":{\"@id\":\"https:\\\/\\\/www.ecafir.com\\\/web\\\/informacio-general\\\/#breadcrumb\"},\"inLanguage\":\"es\",\"potentialAction\":[{\"@type\":\"ReadAction\",\"target\":[\"https:\\\/\\\/www.ecafir.com\\\/web\\\/informacio-general\\\/\"]}]},{\"@type\":\"BreadcrumbList\",\"@id\":\"https:\\\/\\\/www.ecafir.com\\\/web\\\/informacio-general\\\/#breadcrumb\",\"itemListElement\":[{\"@type\":\"ListItem\",\"position\":1,\"name\":\"Portada\",\"item\":\"https:\\\/\\\/www.ecafir.com\\\/web\\\/\"},{\"@type\":\"ListItem\",\"position\":2,\"name\":\"Informaci\u00f3 General\"}]},{\"@type\":\"WebSite\",\"@id\":\"https:\\\/\\\/www.ecafir.com\\\/web\\\/#website\",\"url\":\"https:\\\/\\\/www.ecafir.com\\\/web\\\/\",\"name\":\"Enginyeria ambiental\",\"description\":\"\",\"publisher\":{\"@id\":\"https:\\\/\\\/www.ecafir.com\\\/web\\\/#organization\"},\"potentialAction\":[{\"@type\":\"SearchAction\",\"target\":{\"@type\":\"EntryPoint\",\"urlTemplate\":\"https:\\\/\\\/www.ecafir.com\\\/web\\\/?s={search_term_string}\"},\"query-input\":{\"@type\":\"PropertyValueSpecification\",\"valueRequired\":true,\"valueName\":\"search_term_string\"}}],\"inLanguage\":\"es\"},{\"@type\":\"Organization\",\"@id\":\"https:\\\/\\\/www.ecafir.com\\\/web\\\/#organization\",\"name\":\"Enginyeria ambiental\",\"url\":\"https:\\\/\\\/www.ecafir.com\\\/web\\\/\",\"logo\":{\"@type\":\"ImageObject\",\"inLanguage\":\"es\",\"@id\":\"https:\\\/\\\/www.ecafir.com\\\/web\\\/#\\\/schema\\\/logo\\\/image\\\/\",\"url\":\"https:\\\/\\\/www.ecafir.com\\\/web\\\/wp-content\\\/uploads\\\/2020\\\/05\\\/logo.png\",\"contentUrl\":\"https:\\\/\\\/www.ecafir.com\\\/web\\\/wp-content\\\/uploads\\\/2020\\\/05\\\/logo.png\",\"width\":540,\"height\":200,\"caption\":\"Enginyeria ambiental\"},\"image\":{\"@id\":\"https:\\\/\\\/www.ecafir.com\\\/web\\\/#\\\/schema\\\/logo\\\/image\\\/\"}}]}<\/script>\n<!-- \/ Yoast SEO plugin. -->","yoast_head_json":{"title":"Informaci\u00f3 General - Enginyeria ambiental","robots":{"index":"index","follow":"follow","max-snippet":"max-snippet:-1","max-image-preview":"max-image-preview:large","max-video-preview":"max-video-preview:-1"},"canonical":"https:\/\/www.ecafir.com\/web\/informacio-general\/","og_locale":"es_ES","og_type":"article","og_title":"Informaci\u00f3 General - Enginyeria ambiental","og_description":"A efectes d&#8217;all\u00f2 establert a l&#8217;article 9 de la Ley 34\/2002, de 11 de julio, de Servicios de la Sociedad...","og_url":"https:\/\/www.ecafir.com\/web\/informacio-general\/","og_site_name":"Enginyeria ambiental","article_modified_time":"2020-05-13T19:05:29+00:00","twitter_card":"summary_large_image","schema":{"@context":"https:\/\/schema.org","@graph":[{"@type":"WebPage","@id":"https:\/\/www.ecafir.com\/web\/informacio-general\/","url":"https:\/\/www.ecafir.com\/web\/informacio-general\/","name":"Informaci\u00f3 General - Enginyeria ambiental","isPartOf":{"@id":"https:\/\/www.ecafir.com\/web\/#website"},"datePublished":"2020-05-05T18:01:51+00:00","dateModified":"2020-05-13T19:05:29+00:00","breadcrumb":{"@id":"https:\/\/www.ecafir.com\/web\/informacio-general\/#breadcrumb"},"inLanguage":"es","potentialAction":[{"@type":"ReadAction","target":["https:\/\/www.ecafir.com\/web\/informacio-general\/"]}]},{"@type":"BreadcrumbList","@id":"https:\/\/www.ecafir.com\/web\/informacio-general\/#breadcrumb","itemListElement":[{"@type":"ListItem","position":1,"name":"Portada","item":"https:\/\/www.ecafir.com\/web\/"},{"@type":"ListItem","position":2,"name":"Informaci\u00f3 General"}]},{"@type":"WebSite","@id":"https:\/\/www.ecafir.com\/web\/#website","url":"https:\/\/www.ecafir.com\/web\/","name":"Enginyeria ambiental","description":"","publisher":{"@id":"https:\/\/www.ecafir.com\/web\/#organization"},"potentialAction":[{"@type":"SearchAction","target":{"@type":"EntryPoint","urlTemplate":"https:\/\/www.ecafir.com\/web\/?s={search_term_string}"},"query-input":{"@type":"PropertyValueSpecification","valueRequired":true,"valueName":"search_term_string"}}],"inLanguage":"es"},{"@type":"Organization","@id":"https:\/\/www.ecafir.com\/web\/#organization","name":"Enginyeria ambiental","url":"https:\/\/www.ecafir.com\/web\/","logo":{"@type":"ImageObject","inLanguage":"es","@id":"https:\/\/www.ecafir.com\/web\/#\/schema\/logo\/image\/","url":"https:\/\/www.ecafir.com\/web\/wp-content\/uploads\/2020\/05\/logo.png","contentUrl":"https:\/\/www.ecafir.com\/web\/wp-content\/uploads\/2020\/05\/logo.png","width":540,"height":200,"caption":"Enginyeria ambiental"},"image":{"@id":"https:\/\/www.ecafir.com\/web\/#\/schema\/logo\/image\/"}}]}},"jetpack_sharing_enabled":true,"_links":{"self":[{"href":"https:\/\/www.ecafir.com\/web\/wp-json\/wp\/v2\/pages\/180","targetHints":{"allow":["GET"]}}],"collection":[{"href":"https:\/\/www.ecafir.com\/web\/wp-json\/wp\/v2\/pages"}],"about":[{"href":"https:\/\/www.ecafir.com\/web\/wp-json\/wp\/v2\/types\/page"}],"author":[{"embeddable":true,"href":"https:\/\/www.ecafir.com\/web\/wp-json\/wp\/v2\/users\/1"}],"replies":[{"embeddable":true,"href":"https:\/\/www.ecafir.com\/web\/wp-json\/wp\/v2\/comments?post=180"}],"version-history":[{"count":2,"href":"https:\/\/www.ecafir.com\/web\/wp-json\/wp\/v2\/pages\/180\/revisions"}],"predecessor-version":[{"id":362,"href":"https:\/\/www.ecafir.com\/web\/wp-json\/wp\/v2\/pages\/180\/revisions\/362"}],"wp:attachment":[{"href":"https:\/\/www.ecafir.com\/web\/wp-json\/wp\/v2\/media?parent=180"}],"curies":[{"name":"wp","href":"https:\/\/api.w.org\/{rel}","templated":true}]}}