{"id":135,"date":"2020-05-05T16:05:23","date_gmt":"2020-05-05T14:05:23","guid":{"rendered":"https:\/\/www.ecafir.com\/web\/?page_id=135"},"modified":"2020-06-05T09:32:10","modified_gmt":"2020-06-05T07:32:10","slug":"impacte-ambiental","status":"publish","type":"page","link":"https:\/\/www.ecafir.com\/web\/serveis\/impacte-ambiental\/","title":{"rendered":"Impacte ambiental"},"content":{"rendered":"\n<p>Analitzar i con\u00e8ixer els efectes de les activitats o noves infraestructures i instal\u00b7lacions per endavant \u00e9s imprescindible per a garantir la compatibilitat del desenvolupament hum\u00e0 amb la preservaci\u00f3 del medi i el benestar de les persones.<\/p>\n\n\n\n<p>Aquesta an\u00e0lisi es realitza en totes les fases de desenvolupament del projecte -disseny, execuci\u00f3 i explotaci\u00f3- amb l&#8217;objectiu d\u2019eliminar aquells efectes que son evitables i minimitzar o corregir aquells altres que s\u00f3n inevitables, per\u00f2 que s\u2019han de mitigar fins a aconseguir que siguin compatibles amb la preservaci\u00f3 dels valors naturals i compleixin la normativa vigent. Des d\u2019ECAFIR, S.L. aportem una visi\u00f3 hol\u00edstica d\u2019aquesta an\u00e0lisi gr\u00e0cies a la nostra experi\u00e8ncia en totes les fases del projecte.<\/p>\n\n\n\n<p>ECAFIR, S.L. realitza estudis en els seg\u00fcents \u00e0mbits:<\/p>\n\n\n\n<div class=\"wp-block-columns is-layout-flex wp-container-core-columns-is-layout-9d6595d7 wp-block-columns-is-layout-flex\">\n<div class=\"wp-block-column is-layout-flow wp-block-column-is-layout-flow\">\n<figure class=\"wp-block-image size-large\"><a href=\"https:\/\/www.ecafir.com\/web\/wp-content\/uploads\/2020\/05\/impacte01.jpg\"><img loading=\"lazy\" decoding=\"async\" width=\"300\" height=\"300\" src=\"https:\/\/www.ecafir.com\/web\/wp-content\/uploads\/2020\/05\/ImpacteObres.jpg\" alt=\"\" class=\"wp-image-232\" srcset=\"https:\/\/www.ecafir.com\/web\/wp-content\/uploads\/2020\/05\/ImpacteObres.jpg 300w, https:\/\/www.ecafir.com\/web\/wp-content\/uploads\/2020\/05\/ImpacteObres-150x150.jpg 150w, https:\/\/www.ecafir.com\/web\/wp-content\/uploads\/2020\/05\/ImpacteObres-250x250.jpg 250w\" sizes=\"auto, (max-width: 300px) 100vw, 300px\" \/><\/a><\/figure>\n\n\n\n<p>Avaluaci\u00f3 d\u2019impacte ambiental (projectes)<\/p>\n<\/div>\n\n\n\n<div class=\"wp-block-column is-layout-flow wp-block-column-is-layout-flow\">\n<figure class=\"wp-block-image size-large\"><a href=\"https:\/\/www.ecafir.com\/web\/wp-content\/uploads\/2020\/05\/impacte03.jpg\"><img loading=\"lazy\" decoding=\"async\" width=\"300\" height=\"300\" src=\"https:\/\/www.ecafir.com\/web\/wp-content\/uploads\/2020\/05\/IntegracioPais.jpg\" alt=\"\" class=\"wp-image-234\" srcset=\"https:\/\/www.ecafir.com\/web\/wp-content\/uploads\/2020\/05\/IntegracioPais.jpg 300w, https:\/\/www.ecafir.com\/web\/wp-content\/uploads\/2020\/05\/IntegracioPais-150x150.jpg 150w, https:\/\/www.ecafir.com\/web\/wp-content\/uploads\/2020\/05\/IntegracioPais-250x250.jpg 250w\" sizes=\"auto, (max-width: 300px) 100vw, 300px\" \/><\/a><\/figure>\n\n\n\n<p>Estudis d&#8217;impacte i integraci\u00f3 paisatg\u00edstica<\/p>\n<\/div>\n\n\n\n<div class=\"wp-block-column is-layout-flow wp-block-column-is-layout-flow\">\n<figure class=\"wp-block-image size-large\"><a href=\"https:\/\/www.ecafir.com\/web\/wp-content\/uploads\/2020\/05\/impacte02.jpg\"><img loading=\"lazy\" decoding=\"async\" width=\"300\" height=\"300\" src=\"https:\/\/www.ecafir.com\/web\/wp-content\/uploads\/2020\/05\/IsaUrbanisme.jpg\" alt=\"\" class=\"wp-image-233\" srcset=\"https:\/\/www.ecafir.com\/web\/wp-content\/uploads\/2020\/05\/IsaUrbanisme.jpg 300w, https:\/\/www.ecafir.com\/web\/wp-content\/uploads\/2020\/05\/IsaUrbanisme-150x150.jpg 150w, https:\/\/www.ecafir.com\/web\/wp-content\/uploads\/2020\/05\/IsaUrbanisme-250x250.jpg 250w\" sizes=\"auto, (max-width: 300px) 100vw, 300px\" \/><\/a><\/figure>\n\n\n\n<p>Avaluaci\u00f3 ambiental estrat\u00e8gica (plans i programes)<\/p>\n<\/div>\n<\/div>\n\n\n\n<div class=\"wp-block-columns is-layout-flex wp-container-core-columns-is-layout-9d6595d7 wp-block-columns-is-layout-flex\">\n<div class=\"wp-block-column is-layout-flow wp-block-column-is-layout-flow\">\n<p><\/p>\n<\/div>\n\n\n\n<div class=\"wp-block-column is-layout-flow wp-block-column-is-layout-flow\">\n<p><\/p>\n<\/div>\n<\/div>\n\n\n\n<div class=\"wp-block-columns is-layout-flex wp-container-core-columns-is-layout-9d6595d7 wp-block-columns-is-layout-flex\">\n<div class=\"wp-block-column is-layout-flow wp-block-column-is-layout-flow\">\n<figure class=\"wp-block-image size-large\"><a href=\"https:\/\/www.ecafir.com\/web\/wp-content\/uploads\/2020\/05\/impacte04.jpg\"><img loading=\"lazy\" decoding=\"async\" width=\"300\" height=\"300\" src=\"https:\/\/www.ecafir.com\/web\/wp-content\/uploads\/2020\/05\/LegActivitats.jpg\" alt=\"\" class=\"wp-image-235\" srcset=\"https:\/\/www.ecafir.com\/web\/wp-content\/uploads\/2020\/05\/LegActivitats.jpg 300w, https:\/\/www.ecafir.com\/web\/wp-content\/uploads\/2020\/05\/LegActivitats-150x150.jpg 150w, https:\/\/www.ecafir.com\/web\/wp-content\/uploads\/2020\/05\/LegActivitats-250x250.jpg 250w\" sizes=\"auto, (max-width: 300px) 100vw, 300px\" \/><\/a><\/figure>\n\n\n\n<p>Legalitzaci\u00f3 d&#8217;activitats<\/p>\n\n\n\n<p><\/p>\n<\/div>\n\n\n\n<div class=\"wp-block-column is-layout-flow wp-block-column-is-layout-flow\">\n<figure class=\"wp-block-image size-large\"><a href=\"https:\/\/www.ecafir.com\/web\/wp-content\/uploads\/2020\/05\/impacte05.jpg\"><img loading=\"lazy\" decoding=\"async\" width=\"300\" height=\"300\" src=\"https:\/\/www.ecafir.com\/web\/wp-content\/uploads\/2020\/05\/PantallaAcustica.jpg\" alt=\"\" class=\"wp-image-236\" srcset=\"https:\/\/www.ecafir.com\/web\/wp-content\/uploads\/2020\/05\/PantallaAcustica.jpg 300w, https:\/\/www.ecafir.com\/web\/wp-content\/uploads\/2020\/05\/PantallaAcustica-150x150.jpg 150w, https:\/\/www.ecafir.com\/web\/wp-content\/uploads\/2020\/05\/PantallaAcustica-250x250.jpg 250w\" sizes=\"auto, (max-width: 300px) 100vw, 300px\" \/><\/a><\/figure>\n\n\n\n<p>Estudis s\u00f2nics i d\u2019impacte ac\u00fastic<\/p>\n<\/div>\n\n\n\n<div class=\"wp-block-column is-layout-flow wp-block-column-is-layout-flow\"><\/div>\n<\/div>\n","protected":false},"excerpt":{"rendered":"<p>Analitzar i con\u00e8ixer els efectes de les activitats o noves infraestructures i instal\u00b7lacions per endavant \u00e9s imprescindible per a garantir&#8230;<\/p>\n","protected":false},"author":1,"featured_media":0,"parent":14,"menu_order":0,"comment_status":"closed","ping_status":"closed","template":"","meta":{"footnotes":""},"class_list":["post-135","page","type-page","status-publish","hentry","post-archive"],"yoast_head":"<!-- This site is optimized with the Yoast SEO plugin v27.4 - https:\/\/yoast.com\/product\/yoast-seo-wordpress\/ -->\n<title>Impacte ambiental - Enginyeria ambiental<\/title>\n<meta name=\"robots\" content=\"index, follow, max-snippet:-1, max-image-preview:large, max-video-preview:-1\" \/>\n<link rel=\"canonical\" href=\"https:\/\/www.ecafir.com\/web\/serveis\/impacte-ambiental\/\" \/>\n<meta property=\"og:locale\" content=\"es_ES\" \/>\n<meta property=\"og:type\" content=\"article\" \/>\n<meta property=\"og:title\" content=\"Impacte ambiental - Enginyeria ambiental\" \/>\n<meta property=\"og:description\" content=\"Analitzar i con\u00e8ixer els efectes de les activitats o noves infraestructures i instal\u00b7lacions per endavant \u00e9s imprescindible per a garantir...\" \/>\n<meta property=\"og:url\" content=\"https:\/\/www.ecafir.com\/web\/serveis\/impacte-ambiental\/\" \/>\n<meta property=\"og:site_name\" content=\"Enginyeria ambiental\" \/>\n<meta property=\"article:modified_time\" content=\"2020-06-05T07:32:10+00:00\" \/>\n<meta property=\"og:image\" content=\"https:\/\/www.ecafir.com\/web\/wp-content\/uploads\/2020\/05\/ImpacteObres.jpg\" \/>\n<meta name=\"twitter:card\" content=\"summary_large_image\" \/>\n<meta name=\"twitter:label1\" content=\"Tiempo de lectura\" \/>\n\t<meta name=\"twitter:data1\" content=\"1 minuto\" \/>\n<script type=\"application\/ld+json\" class=\"yoast-schema-graph\">{\"@context\":\"https:\\\/\\\/schema.org\",\"@graph\":[{\"@type\":\"WebPage\",\"@id\":\"https:\\\/\\\/www.ecafir.com\\\/web\\\/serveis\\\/impacte-ambiental\\\/\",\"url\":\"https:\\\/\\\/www.ecafir.com\\\/web\\\/serveis\\\/impacte-ambiental\\\/\",\"name\":\"Impacte ambiental - Enginyeria ambiental\",\"isPartOf\":{\"@id\":\"https:\\\/\\\/www.ecafir.com\\\/web\\\/#website\"},\"primaryImageOfPage\":{\"@id\":\"https:\\\/\\\/www.ecafir.com\\\/web\\\/serveis\\\/impacte-ambiental\\\/#primaryimage\"},\"image\":{\"@id\":\"https:\\\/\\\/www.ecafir.com\\\/web\\\/serveis\\\/impacte-ambiental\\\/#primaryimage\"},\"thumbnailUrl\":\"https:\\\/\\\/www.ecafir.com\\\/web\\\/wp-content\\\/uploads\\\/2020\\\/05\\\/ImpacteObres.jpg\",\"datePublished\":\"2020-05-05T14:05:23+00:00\",\"dateModified\":\"2020-06-05T07:32:10+00:00\",\"breadcrumb\":{\"@id\":\"https:\\\/\\\/www.ecafir.com\\\/web\\\/serveis\\\/impacte-ambiental\\\/#breadcrumb\"},\"inLanguage\":\"es\",\"potentialAction\":[{\"@type\":\"ReadAction\",\"target\":[\"https:\\\/\\\/www.ecafir.com\\\/web\\\/serveis\\\/impacte-ambiental\\\/\"]}]},{\"@type\":\"ImageObject\",\"inLanguage\":\"es\",\"@id\":\"https:\\\/\\\/www.ecafir.com\\\/web\\\/serveis\\\/impacte-ambiental\\\/#primaryimage\",\"url\":\"https:\\\/\\\/www.ecafir.com\\\/web\\\/wp-content\\\/uploads\\\/2020\\\/05\\\/ImpacteObres.jpg\",\"contentUrl\":\"https:\\\/\\\/www.ecafir.com\\\/web\\\/wp-content\\\/uploads\\\/2020\\\/05\\\/ImpacteObres.jpg\",\"width\":300,\"height\":300},{\"@type\":\"BreadcrumbList\",\"@id\":\"https:\\\/\\\/www.ecafir.com\\\/web\\\/serveis\\\/impacte-ambiental\\\/#breadcrumb\",\"itemListElement\":[{\"@type\":\"ListItem\",\"position\":1,\"name\":\"Portada\",\"item\":\"https:\\\/\\\/www.ecafir.com\\\/web\\\/\"},{\"@type\":\"ListItem\",\"position\":2,\"name\":\"SERVEIS\",\"item\":\"https:\\\/\\\/www.ecafir.com\\\/web\\\/serveis\\\/\"},{\"@type\":\"ListItem\",\"position\":3,\"name\":\"Impacte ambiental\"}]},{\"@type\":\"WebSite\",\"@id\":\"https:\\\/\\\/www.ecafir.com\\\/web\\\/#website\",\"url\":\"https:\\\/\\\/www.ecafir.com\\\/web\\\/\",\"name\":\"Enginyeria ambiental\",\"description\":\"\",\"publisher\":{\"@id\":\"https:\\\/\\\/www.ecafir.com\\\/web\\\/#organization\"},\"potentialAction\":[{\"@type\":\"SearchAction\",\"target\":{\"@type\":\"EntryPoint\",\"urlTemplate\":\"https:\\\/\\\/www.ecafir.com\\\/web\\\/?s={search_term_string}\"},\"query-input\":{\"@type\":\"PropertyValueSpecification\",\"valueRequired\":true,\"valueName\":\"search_term_string\"}}],\"inLanguage\":\"es\"},{\"@type\":\"Organization\",\"@id\":\"https:\\\/\\\/www.ecafir.com\\\/web\\\/#organization\",\"name\":\"Enginyeria ambiental\",\"url\":\"https:\\\/\\\/www.ecafir.com\\\/web\\\/\",\"logo\":{\"@type\":\"ImageObject\",\"inLanguage\":\"es\",\"@id\":\"https:\\\/\\\/www.ecafir.com\\\/web\\\/#\\\/schema\\\/logo\\\/image\\\/\",\"url\":\"https:\\\/\\\/www.ecafir.com\\\/web\\\/wp-content\\\/uploads\\\/2020\\\/05\\\/logo.png\",\"contentUrl\":\"https:\\\/\\\/www.ecafir.com\\\/web\\\/wp-content\\\/uploads\\\/2020\\\/05\\\/logo.png\",\"width\":540,\"height\":200,\"caption\":\"Enginyeria ambiental\"},\"image\":{\"@id\":\"https:\\\/\\\/www.ecafir.com\\\/web\\\/#\\\/schema\\\/logo\\\/image\\\/\"}}]}<\/script>\n<!-- \/ Yoast SEO plugin. -->","yoast_head_json":{"title":"Impacte ambiental - Enginyeria ambiental","robots":{"index":"index","follow":"follow","max-snippet":"max-snippet:-1","max-image-preview":"max-image-preview:large","max-video-preview":"max-video-preview:-1"},"canonical":"https:\/\/www.ecafir.com\/web\/serveis\/impacte-ambiental\/","og_locale":"es_ES","og_type":"article","og_title":"Impacte ambiental - Enginyeria ambiental","og_description":"Analitzar i con\u00e8ixer els efectes de les activitats o noves infraestructures i instal\u00b7lacions per endavant \u00e9s imprescindible per a garantir...","og_url":"https:\/\/www.ecafir.com\/web\/serveis\/impacte-ambiental\/","og_site_name":"Enginyeria ambiental","article_modified_time":"2020-06-05T07:32:10+00:00","og_image":[{"url":"https:\/\/www.ecafir.com\/web\/wp-content\/uploads\/2020\/05\/ImpacteObres.jpg","type":"","width":"","height":""}],"twitter_card":"summary_large_image","twitter_misc":{"Tiempo de lectura":"1 minuto"},"schema":{"@context":"https:\/\/schema.org","@graph":[{"@type":"WebPage","@id":"https:\/\/www.ecafir.com\/web\/serveis\/impacte-ambiental\/","url":"https:\/\/www.ecafir.com\/web\/serveis\/impacte-ambiental\/","name":"Impacte ambiental - Enginyeria ambiental","isPartOf":{"@id":"https:\/\/www.ecafir.com\/web\/#website"},"primaryImageOfPage":{"@id":"https:\/\/www.ecafir.com\/web\/serveis\/impacte-ambiental\/#primaryimage"},"image":{"@id":"https:\/\/www.ecafir.com\/web\/serveis\/impacte-ambiental\/#primaryimage"},"thumbnailUrl":"https:\/\/www.ecafir.com\/web\/wp-content\/uploads\/2020\/05\/ImpacteObres.jpg","datePublished":"2020-05-05T14:05:23+00:00","dateModified":"2020-06-05T07:32:10+00:00","breadcrumb":{"@id":"https:\/\/www.ecafir.com\/web\/serveis\/impacte-ambiental\/#breadcrumb"},"inLanguage":"es","potentialAction":[{"@type":"ReadAction","target":["https:\/\/www.ecafir.com\/web\/serveis\/impacte-ambiental\/"]}]},{"@type":"ImageObject","inLanguage":"es","@id":"https:\/\/www.ecafir.com\/web\/serveis\/impacte-ambiental\/#primaryimage","url":"https:\/\/www.ecafir.com\/web\/wp-content\/uploads\/2020\/05\/ImpacteObres.jpg","contentUrl":"https:\/\/www.ecafir.com\/web\/wp-content\/uploads\/2020\/05\/ImpacteObres.jpg","width":300,"height":300},{"@type":"BreadcrumbList","@id":"https:\/\/www.ecafir.com\/web\/serveis\/impacte-ambiental\/#breadcrumb","itemListElement":[{"@type":"ListItem","position":1,"name":"Portada","item":"https:\/\/www.ecafir.com\/web\/"},{"@type":"ListItem","position":2,"name":"SERVEIS","item":"https:\/\/www.ecafir.com\/web\/serveis\/"},{"@type":"ListItem","position":3,"name":"Impacte ambiental"}]},{"@type":"WebSite","@id":"https:\/\/www.ecafir.com\/web\/#website","url":"https:\/\/www.ecafir.com\/web\/","name":"Enginyeria ambiental","description":"","publisher":{"@id":"https:\/\/www.ecafir.com\/web\/#organization"},"potentialAction":[{"@type":"SearchAction","target":{"@type":"EntryPoint","urlTemplate":"https:\/\/www.ecafir.com\/web\/?s={search_term_string}"},"query-input":{"@type":"PropertyValueSpecification","valueRequired":true,"valueName":"search_term_string"}}],"inLanguage":"es"},{"@type":"Organization","@id":"https:\/\/www.ecafir.com\/web\/#organization","name":"Enginyeria ambiental","url":"https:\/\/www.ecafir.com\/web\/","logo":{"@type":"ImageObject","inLanguage":"es","@id":"https:\/\/www.ecafir.com\/web\/#\/schema\/logo\/image\/","url":"https:\/\/www.ecafir.com\/web\/wp-content\/uploads\/2020\/05\/logo.png","contentUrl":"https:\/\/www.ecafir.com\/web\/wp-content\/uploads\/2020\/05\/logo.png","width":540,"height":200,"caption":"Enginyeria ambiental"},"image":{"@id":"https:\/\/www.ecafir.com\/web\/#\/schema\/logo\/image\/"}}]}},"jetpack_sharing_enabled":true,"_links":{"self":[{"href":"https:\/\/www.ecafir.com\/web\/wp-json\/wp\/v2\/pages\/135","targetHints":{"allow":["GET"]}}],"collection":[{"href":"https:\/\/www.ecafir.com\/web\/wp-json\/wp\/v2\/pages"}],"about":[{"href":"https:\/\/www.ecafir.com\/web\/wp-json\/wp\/v2\/types\/page"}],"author":[{"embeddable":true,"href":"https:\/\/www.ecafir.com\/web\/wp-json\/wp\/v2\/users\/1"}],"replies":[{"embeddable":true,"href":"https:\/\/www.ecafir.com\/web\/wp-json\/wp\/v2\/comments?post=135"}],"version-history":[{"count":9,"href":"https:\/\/www.ecafir.com\/web\/wp-json\/wp\/v2\/pages\/135\/revisions"}],"predecessor-version":[{"id":419,"href":"https:\/\/www.ecafir.com\/web\/wp-json\/wp\/v2\/pages\/135\/revisions\/419"}],"up":[{"embeddable":true,"href":"https:\/\/www.ecafir.com\/web\/wp-json\/wp\/v2\/pages\/14"}],"wp:attachment":[{"href":"https:\/\/www.ecafir.com\/web\/wp-json\/wp\/v2\/media?parent=135"}],"curies":[{"name":"wp","href":"https:\/\/api.w.org\/{rel}","templated":true}]}}