{"id":12,"date":"2020-02-08T10:35:38","date_gmt":"2020-02-08T09:35:38","guid":{"rendered":"http:\/\/www.ecafir.com\/web\/?page_id=12"},"modified":"2020-05-06T21:13:35","modified_gmt":"2020-05-06T19:13:35","slug":"inici","status":"publish","type":"page","link":"https:\/\/www.ecafir.com\/web\/","title":{"rendered":"INICI"},"content":{"rendered":"\n<div class=\"alignfull\"><div id=\"metaslider-id-54\" style=\"max-width: 900px; margin: 0 auto;\" class=\"ml-slider-3-108-0 metaslider metaslider-nivo metaslider-54 ml-slider has-dots-nav ms-theme-default\" role=\"region\" aria-label=\"Nueva presentaci\u00f3n de diapositivas\" data-height=\"500\" data-width=\"900\">\n    <div id=\"metaslider_container_54\">\n        <div class='slider-wrapper theme-default'><div class='ribbon'><\/div><div id='metaslider_54' class='nivoSlider'><a href=\"https:\/\/www.ecafir.com\/web\/serveis\/impacte-ambiental\/\" target=\"_self\"><img loading=\"lazy\" decoding=\"async\" width=\"1800\" height=\"1000\" src=\"https:\/\/www.ecafir.com\/web\/wp-content\/uploads\/2020\/05\/slider01.jpg\" class=\"slider-54 slide-350 msDefaultImage\" alt=\"\" data-caption=\"Impacte ambiental\" data-thumb=\"\" title=\"slider01\" rel=\"\" srcset=\"https:\/\/www.ecafir.com\/web\/wp-content\/uploads\/2020\/05\/slider01.jpg 1800w, https:\/\/www.ecafir.com\/web\/wp-content\/uploads\/2020\/05\/slider01-300x167.jpg 300w, https:\/\/www.ecafir.com\/web\/wp-content\/uploads\/2020\/05\/slider01-1024x569.jpg 1024w, https:\/\/www.ecafir.com\/web\/wp-content\/uploads\/2020\/05\/slider01-768x427.jpg 768w, https:\/\/www.ecafir.com\/web\/wp-content\/uploads\/2020\/05\/slider01-1536x853.jpg 1536w, https:\/\/www.ecafir.com\/web\/wp-content\/uploads\/2020\/05\/slider01-1040x578.jpg 1040w, https:\/\/www.ecafir.com\/web\/wp-content\/uploads\/2020\/05\/slider01-640x356.jpg 640w\" sizes=\"auto, (max-width: 1800px) 100vw, 1800px\" \/><\/a><a href=\"https:\/\/www.ecafir.com\/web\/serveis\/enginyeria-ambiental\/\" target=\"_self\"><img loading=\"lazy\" decoding=\"async\" width=\"1800\" height=\"1000\" src=\"https:\/\/www.ecafir.com\/web\/wp-content\/uploads\/2020\/05\/slider02.jpg\" class=\"slider-54 slide-352 msDefaultImage\" alt=\"\" data-caption=\"Enginyeria ambiental\" data-thumb=\"\" title=\"slider02\" rel=\"\" srcset=\"https:\/\/www.ecafir.com\/web\/wp-content\/uploads\/2020\/05\/slider02.jpg 1800w, https:\/\/www.ecafir.com\/web\/wp-content\/uploads\/2020\/05\/slider02-300x167.jpg 300w, https:\/\/www.ecafir.com\/web\/wp-content\/uploads\/2020\/05\/slider02-1024x569.jpg 1024w, https:\/\/www.ecafir.com\/web\/wp-content\/uploads\/2020\/05\/slider02-768x427.jpg 768w, https:\/\/www.ecafir.com\/web\/wp-content\/uploads\/2020\/05\/slider02-1536x853.jpg 1536w, https:\/\/www.ecafir.com\/web\/wp-content\/uploads\/2020\/05\/slider02-1040x578.jpg 1040w, https:\/\/www.ecafir.com\/web\/wp-content\/uploads\/2020\/05\/slider02-640x356.jpg 640w\" sizes=\"auto, (max-width: 1800px) 100vw, 1800px\" \/><\/a><a href=\"https:\/\/www.ecafir.com\/web\/serveis\/planificacio-gestio-ambiental\/\" target=\"_self\"><img loading=\"lazy\" decoding=\"async\" width=\"1800\" height=\"1000\" src=\"https:\/\/www.ecafir.com\/web\/wp-content\/uploads\/2020\/05\/slider04.jpg\" class=\"slider-54 slide-354 msDefaultImage\" alt=\"\" data-caption=\"Planificaci&oacute; i gesti&oacute; ambiental\" data-thumb=\"\" title=\"slider04\" rel=\"\" srcset=\"https:\/\/www.ecafir.com\/web\/wp-content\/uploads\/2020\/05\/slider04.jpg 1800w, https:\/\/www.ecafir.com\/web\/wp-content\/uploads\/2020\/05\/slider04-300x167.jpg 300w, https:\/\/www.ecafir.com\/web\/wp-content\/uploads\/2020\/05\/slider04-1024x569.jpg 1024w, https:\/\/www.ecafir.com\/web\/wp-content\/uploads\/2020\/05\/slider04-768x427.jpg 768w, https:\/\/www.ecafir.com\/web\/wp-content\/uploads\/2020\/05\/slider04-1536x853.jpg 1536w, https:\/\/www.ecafir.com\/web\/wp-content\/uploads\/2020\/05\/slider04-1040x578.jpg 1040w, https:\/\/www.ecafir.com\/web\/wp-content\/uploads\/2020\/05\/slider04-640x356.jpg 640w\" sizes=\"auto, (max-width: 1800px) 100vw, 1800px\" \/><\/a><a href=\"https:\/\/www.ecafir.com\/web\/serveis\/altres-serveis\/\" target=\"_self\"><img loading=\"lazy\" decoding=\"async\" width=\"1800\" height=\"1000\" src=\"https:\/\/www.ecafir.com\/web\/wp-content\/uploads\/2020\/06\/slider08.jpg\" class=\"slider-54 slide-337 msDefaultImage\" alt=\"\" data-caption=\"Altres serveis\" data-thumb=\"\" title=\"slider08\" rel=\"\" srcset=\"https:\/\/www.ecafir.com\/web\/wp-content\/uploads\/2020\/06\/slider08.jpg 1800w, https:\/\/www.ecafir.com\/web\/wp-content\/uploads\/2020\/06\/slider08-300x167.jpg 300w, https:\/\/www.ecafir.com\/web\/wp-content\/uploads\/2020\/06\/slider08-1024x569.jpg 1024w, https:\/\/www.ecafir.com\/web\/wp-content\/uploads\/2020\/06\/slider08-768x427.jpg 768w, https:\/\/www.ecafir.com\/web\/wp-content\/uploads\/2020\/06\/slider08-1536x853.jpg 1536w, https:\/\/www.ecafir.com\/web\/wp-content\/uploads\/2020\/06\/slider08-1040x578.jpg 1040w, https:\/\/www.ecafir.com\/web\/wp-content\/uploads\/2020\/06\/slider08-640x356.jpg 640w\" sizes=\"auto, (max-width: 1800px) 100vw, 1800px\" \/><\/a><\/div><\/div>\n        \n    <\/div>\n<\/div><\/div>\n\n\n\n<div style=\"height:20px\" aria-hidden=\"true\" class=\"wp-block-spacer\"><\/div>\n\n\n\n<p><strong>Treballem per fer possible el vostre projecte.<\/strong><br>Desenvolupem projectes d\u2019enginyeria ambiental i redactem estudis diversos relacionats amb el medi natural, agro-forestal, urb\u00e0 i socio-econ\u00f2mic.<\/p>\n\n\n\n<p><strong>M\u00e9s de 30 anys aportant experi\u00e8ncia a empreses i administracions.<\/strong><br>Us assessorem per aconseguir les millors solucions t\u00e8cniques i d\u2019integraci\u00f3 ambiental, redactem els estudis i projectes, fem la tramitaci\u00f3 i seguiment, i dirigim l\u2019execuci\u00f3 dels treballs.<\/p>\n\n\n\n<p><strong>Utilitzem les darreres tecnologies.<\/strong><br>Elaborem cartografia de detall mitjan\u00e7ant els Sistemes d\u2019Informaci\u00f3 Geogr\u00e0fica, tractament i gesti\u00f3 de dades, tractament d\u2019imatges, etc.<\/p>\n","protected":false},"excerpt":{"rendered":"<p>Treballem per fer possible el vostre projecte.Desenvolupem projectes d\u2019enginyeria ambiental i redactem estudis diversos relacionats amb el medi natural, agro-forestal,&#8230;<\/p>\n","protected":false},"author":1,"featured_media":0,"parent":0,"menu_order":0,"comment_status":"closed","ping_status":"closed","template":"","meta":{"footnotes":""},"class_list":["post-12","page","type-page","status-publish","hentry","post-archive"],"yoast_head":"<!-- This site is optimized with the Yoast SEO plugin v27.4 - https:\/\/yoast.com\/product\/yoast-seo-wordpress\/ -->\n<title>INICI - Enginyeria ambiental<\/title>\n<meta name=\"robots\" content=\"index, follow, max-snippet:-1, max-image-preview:large, max-video-preview:-1\" \/>\n<link rel=\"canonical\" href=\"https:\/\/www.ecafir.com\/web\/\" \/>\n<meta property=\"og:locale\" content=\"es_ES\" \/>\n<meta property=\"og:type\" content=\"article\" \/>\n<meta property=\"og:title\" content=\"INICI - Enginyeria ambiental\" \/>\n<meta property=\"og:description\" content=\"Treballem per fer possible el vostre projecte.Desenvolupem projectes d\u2019enginyeria ambiental i redactem estudis diversos relacionats amb el medi natural, agro-forestal,...\" \/>\n<meta property=\"og:url\" content=\"https:\/\/www.ecafir.com\/web\/\" \/>\n<meta property=\"og:site_name\" content=\"Enginyeria ambiental\" \/>\n<meta property=\"article:modified_time\" content=\"2020-05-06T19:13:35+00:00\" \/>\n<meta name=\"twitter:card\" content=\"summary_large_image\" \/>\n<script type=\"application\/ld+json\" class=\"yoast-schema-graph\">{\"@context\":\"https:\\\/\\\/schema.org\",\"@graph\":[{\"@type\":\"WebPage\",\"@id\":\"https:\\\/\\\/www.ecafir.com\\\/web\\\/\",\"url\":\"https:\\\/\\\/www.ecafir.com\\\/web\\\/\",\"name\":\"INICI - Enginyeria ambiental\",\"isPartOf\":{\"@id\":\"https:\\\/\\\/www.ecafir.com\\\/web\\\/#website\"},\"datePublished\":\"2020-02-08T09:35:38+00:00\",\"dateModified\":\"2020-05-06T19:13:35+00:00\",\"breadcrumb\":{\"@id\":\"https:\\\/\\\/www.ecafir.com\\\/web\\\/#breadcrumb\"},\"inLanguage\":\"es\",\"potentialAction\":[{\"@type\":\"ReadAction\",\"target\":[\"https:\\\/\\\/www.ecafir.com\\\/web\\\/\"]}]},{\"@type\":\"BreadcrumbList\",\"@id\":\"https:\\\/\\\/www.ecafir.com\\\/web\\\/#breadcrumb\",\"itemListElement\":[{\"@type\":\"ListItem\",\"position\":1,\"name\":\"Portada\",\"item\":\"https:\\\/\\\/www.ecafir.com\\\/web\\\/\"},{\"@type\":\"ListItem\",\"position\":2,\"name\":\"INICI\"}]},{\"@type\":\"WebSite\",\"@id\":\"https:\\\/\\\/www.ecafir.com\\\/web\\\/#website\",\"url\":\"https:\\\/\\\/www.ecafir.com\\\/web\\\/\",\"name\":\"Enginyeria ambiental\",\"description\":\"\",\"publisher\":{\"@id\":\"https:\\\/\\\/www.ecafir.com\\\/web\\\/#organization\"},\"potentialAction\":[{\"@type\":\"SearchAction\",\"target\":{\"@type\":\"EntryPoint\",\"urlTemplate\":\"https:\\\/\\\/www.ecafir.com\\\/web\\\/?s={search_term_string}\"},\"query-input\":{\"@type\":\"PropertyValueSpecification\",\"valueRequired\":true,\"valueName\":\"search_term_string\"}}],\"inLanguage\":\"es\"},{\"@type\":\"Organization\",\"@id\":\"https:\\\/\\\/www.ecafir.com\\\/web\\\/#organization\",\"name\":\"Enginyeria ambiental\",\"url\":\"https:\\\/\\\/www.ecafir.com\\\/web\\\/\",\"logo\":{\"@type\":\"ImageObject\",\"inLanguage\":\"es\",\"@id\":\"https:\\\/\\\/www.ecafir.com\\\/web\\\/#\\\/schema\\\/logo\\\/image\\\/\",\"url\":\"https:\\\/\\\/www.ecafir.com\\\/web\\\/wp-content\\\/uploads\\\/2020\\\/05\\\/logo.png\",\"contentUrl\":\"https:\\\/\\\/www.ecafir.com\\\/web\\\/wp-content\\\/uploads\\\/2020\\\/05\\\/logo.png\",\"width\":540,\"height\":200,\"caption\":\"Enginyeria ambiental\"},\"image\":{\"@id\":\"https:\\\/\\\/www.ecafir.com\\\/web\\\/#\\\/schema\\\/logo\\\/image\\\/\"}}]}<\/script>\n<!-- \/ Yoast SEO plugin. -->","yoast_head_json":{"title":"INICI - Enginyeria ambiental","robots":{"index":"index","follow":"follow","max-snippet":"max-snippet:-1","max-image-preview":"max-image-preview:large","max-video-preview":"max-video-preview:-1"},"canonical":"https:\/\/www.ecafir.com\/web\/","og_locale":"es_ES","og_type":"article","og_title":"INICI - Enginyeria ambiental","og_description":"Treballem per fer possible el vostre projecte.Desenvolupem projectes d\u2019enginyeria ambiental i redactem estudis diversos relacionats amb el medi natural, agro-forestal,...","og_url":"https:\/\/www.ecafir.com\/web\/","og_site_name":"Enginyeria ambiental","article_modified_time":"2020-05-06T19:13:35+00:00","twitter_card":"summary_large_image","schema":{"@context":"https:\/\/schema.org","@graph":[{"@type":"WebPage","@id":"https:\/\/www.ecafir.com\/web\/","url":"https:\/\/www.ecafir.com\/web\/","name":"INICI - Enginyeria ambiental","isPartOf":{"@id":"https:\/\/www.ecafir.com\/web\/#website"},"datePublished":"2020-02-08T09:35:38+00:00","dateModified":"2020-05-06T19:13:35+00:00","breadcrumb":{"@id":"https:\/\/www.ecafir.com\/web\/#breadcrumb"},"inLanguage":"es","potentialAction":[{"@type":"ReadAction","target":["https:\/\/www.ecafir.com\/web\/"]}]},{"@type":"BreadcrumbList","@id":"https:\/\/www.ecafir.com\/web\/#breadcrumb","itemListElement":[{"@type":"ListItem","position":1,"name":"Portada","item":"https:\/\/www.ecafir.com\/web\/"},{"@type":"ListItem","position":2,"name":"INICI"}]},{"@type":"WebSite","@id":"https:\/\/www.ecafir.com\/web\/#website","url":"https:\/\/www.ecafir.com\/web\/","name":"Enginyeria ambiental","description":"","publisher":{"@id":"https:\/\/www.ecafir.com\/web\/#organization"},"potentialAction":[{"@type":"SearchAction","target":{"@type":"EntryPoint","urlTemplate":"https:\/\/www.ecafir.com\/web\/?s={search_term_string}"},"query-input":{"@type":"PropertyValueSpecification","valueRequired":true,"valueName":"search_term_string"}}],"inLanguage":"es"},{"@type":"Organization","@id":"https:\/\/www.ecafir.com\/web\/#organization","name":"Enginyeria ambiental","url":"https:\/\/www.ecafir.com\/web\/","logo":{"@type":"ImageObject","inLanguage":"es","@id":"https:\/\/www.ecafir.com\/web\/#\/schema\/logo\/image\/","url":"https:\/\/www.ecafir.com\/web\/wp-content\/uploads\/2020\/05\/logo.png","contentUrl":"https:\/\/www.ecafir.com\/web\/wp-content\/uploads\/2020\/05\/logo.png","width":540,"height":200,"caption":"Enginyeria ambiental"},"image":{"@id":"https:\/\/www.ecafir.com\/web\/#\/schema\/logo\/image\/"}}]}},"jetpack_sharing_enabled":true,"_links":{"self":[{"href":"https:\/\/www.ecafir.com\/web\/wp-json\/wp\/v2\/pages\/12","targetHints":{"allow":["GET"]}}],"collection":[{"href":"https:\/\/www.ecafir.com\/web\/wp-json\/wp\/v2\/pages"}],"about":[{"href":"https:\/\/www.ecafir.com\/web\/wp-json\/wp\/v2\/types\/page"}],"author":[{"embeddable":true,"href":"https:\/\/www.ecafir.com\/web\/wp-json\/wp\/v2\/users\/1"}],"replies":[{"embeddable":true,"href":"https:\/\/www.ecafir.com\/web\/wp-json\/wp\/v2\/comments?post=12"}],"version-history":[{"count":9,"href":"https:\/\/www.ecafir.com\/web\/wp-json\/wp\/v2\/pages\/12\/revisions"}],"predecessor-version":[{"id":282,"href":"https:\/\/www.ecafir.com\/web\/wp-json\/wp\/v2\/pages\/12\/revisions\/282"}],"wp:attachment":[{"href":"https:\/\/www.ecafir.com\/web\/wp-json\/wp\/v2\/media?parent=12"}],"curies":[{"name":"wp","href":"https:\/\/api.w.org\/{rel}","templated":true}]}}